{"id":533,"date":"2024-07-04T16:02:19","date_gmt":"2024-07-04T09:02:19","guid":{"rendered":"https:\/\/demo.timevn.com\/fusion_dn\/?page_id=533"},"modified":"2025-06-18T15:28:31","modified_gmt":"2025-06-18T08:28:31","slug":"uu-dai","status":"publish","type":"page","link":"https:\/\/fusionresorts.com\/quynhon\/vi\/uu-dai\/","title":{"rendered":"\u01afu \u0111\u00e3i"},"content":{"rendered":"","protected":false},"excerpt":{"rendered":"<p>B\u1ea5t k\u1ec3 b\u1ea1n \u0111i du l\u1ecbch v\u1edbi gia \u0111\u00ecnh hay v\u1edbi nh\u00f3m b\u1ea1n ho\u1eb7c m\u1ed9t n\u1eeda c\u1ee7a m\u00ecnh, Maia Quy Nh\u01a1n lu\u00f4n d\u00e0nh t\u1eb7ng nh\u1eefng \u01b0u \u0111\u00e3i \u0111\u1eb7c bi\u1ec7t \u0111\u1ec3 gi\u00fap b\u1ea1n t\u1eadn h\u01b0\u1edfng nh\u1eefng kho\u1ea3nh kh\u1eafc th\u01b0 gi\u00e3n c\u00f9ng nh\u1eefng k\u1ef7 ni\u1ec7m kh\u00f3 qu\u00ean.<\/p>\n<p>C\u00f9ng kh\u00e1m ph\u00e1 nh\u1eefng ch\u01b0\u01a1ng tr\u00ecnh \u01b0u \u0111\u00e3i d\u01b0\u1edbi \u0111\u00e2y v\u00e0 li\u00ean h\u1ec7 v\u1edbi ch\u00fang t\u00f4i ngay \u0111\u1ec3 kh\u00f4ng b\u1ecf l\u1ee1 nh\u1eefng c\u01a1 h\u1ed9i tuy\u1ec7t v\u1eddi n\u00e0y.<\/p>\n","protected":false},"author":1,"featured_media":1717,"parent":0,"menu_order":0,"comment_status":"closed","ping_status":"closed","template":"templates\/page-offers.php","meta":{"_acf_changed":false,"footnotes":""},"class_list":["post-533","page","type-page","status-publish","has-post-thumbnail","hentry"],"acf":[],"lang":"vi","translations":{"vi":533,"en":281},"pll_sync_post":[],"_links":{"self":[{"href":"https:\/\/fusionresorts.com\/quynhon\/wp-json\/wp\/v2\/pages\/533","targetHints":{"allow":["GET"]}}],"collection":[{"href":"https:\/\/fusionresorts.com\/quynhon\/wp-json\/wp\/v2\/pages"}],"about":[{"href":"https:\/\/fusionresorts.com\/quynhon\/wp-json\/wp\/v2\/types\/page"}],"author":[{"embeddable":true,"href":"https:\/\/fusionresorts.com\/quynhon\/wp-json\/wp\/v2\/users\/1"}],"replies":[{"embeddable":true,"href":"https:\/\/fusionresorts.com\/quynhon\/wp-json\/wp\/v2\/comments?post=533"}],"version-history":[{"count":4,"href":"https:\/\/fusionresorts.com\/quynhon\/wp-json\/wp\/v2\/pages\/533\/revisions"}],"predecessor-version":[{"id":1854,"href":"https:\/\/fusionresorts.com\/quynhon\/wp-json\/wp\/v2\/pages\/533\/revisions\/1854"}],"wp:featuredmedia":[{"embeddable":true,"href":"https:\/\/fusionresorts.com\/quynhon\/wp-json\/wp\/v2\/media\/1717"}],"wp:attachment":[{"href":"https:\/\/fusionresorts.com\/quynhon\/wp-json\/wp\/v2\/media?parent=533"}],"curies":[{"name":"wp","href":"https:\/\/api.w.org\/{rel}","templated":true}]}}