{"id":531,"date":"2024-07-04T16:12:23","date_gmt":"2024-07-04T09:12:23","guid":{"rendered":"https:\/\/demo.timevn.com\/fusion_dn\/?page_id=531"},"modified":"2025-06-15T20:52:19","modified_gmt":"2025-06-15T13:52:19","slug":"thu-gian","status":"publish","type":"page","link":"https:\/\/fusionresorts.com\/quynhon\/vi\/thu-gian\/","title":{"rendered":"Th\u01b0 gi\u00e3n"},"content":{"rendered":"","protected":false},"excerpt":{"rendered":"<p>Maia l\u00e0 hi\u1ec7n th\u00e2n c\u1ee7a l\u1ed1i s\u1ed1ng ngh\u1ec9 d\u01b0\u1ee1ng h\u01b0\u1edbng \u0111\u1ebfn s\u1ee9c kh\u1ecfe to\u00e0n di\u1ec7n, nu\u00f4i d\u01b0\u1ee1ng tr\u1ea1ng th\u00e1i kh\u1ecfe m\u1ea1nh, h\u1ea1nh ph\u00fac v\u00e0 tr\u00e0n \u0111\u1ea7y n\u0103ng l\u01b0\u1ee3ng.<\/p>\n","protected":false},"author":1,"featured_media":1635,"parent":0,"menu_order":0,"comment_status":"closed","ping_status":"closed","template":"templates\/page-spa-wellness.php","meta":{"_acf_changed":false,"footnotes":""},"class_list":["post-531","page","type-page","status-publish","has-post-thumbnail","hentry"],"acf":[],"lang":"vi","translations":{"vi":531,"en":286},"pll_sync_post":[],"_links":{"self":[{"href":"https:\/\/fusionresorts.com\/quynhon\/wp-json\/wp\/v2\/pages\/531","targetHints":{"allow":["GET"]}}],"collection":[{"href":"https:\/\/fusionresorts.com\/quynhon\/wp-json\/wp\/v2\/pages"}],"about":[{"href":"https:\/\/fusionresorts.com\/quynhon\/wp-json\/wp\/v2\/types\/page"}],"author":[{"embeddable":true,"href":"https:\/\/fusionresorts.com\/quynhon\/wp-json\/wp\/v2\/users\/1"}],"replies":[{"embeddable":true,"href":"https:\/\/fusionresorts.com\/quynhon\/wp-json\/wp\/v2\/comments?post=531"}],"version-history":[{"count":16,"href":"https:\/\/fusionresorts.com\/quynhon\/wp-json\/wp\/v2\/pages\/531\/revisions"}],"predecessor-version":[{"id":2056,"href":"https:\/\/fusionresorts.com\/quynhon\/wp-json\/wp\/v2\/pages\/531\/revisions\/2056"}],"wp:featuredmedia":[{"embeddable":true,"href":"https:\/\/fusionresorts.com\/quynhon\/wp-json\/wp\/v2\/media\/1635"}],"wp:attachment":[{"href":"https:\/\/fusionresorts.com\/quynhon\/wp-json\/wp\/v2\/media?parent=531"}],"curies":[{"name":"wp","href":"https:\/\/api.w.org\/{rel}","templated":true}]}}