{"id":525,"date":"2024-07-03T17:01:28","date_gmt":"2024-07-03T10:01:28","guid":{"rendered":"https:\/\/demo.timevn.com\/fusion_dn\/?page_id=525"},"modified":"2025-06-12T14:16:04","modified_gmt":"2025-06-12T07:16:04","slug":"trang-chu","status":"publish","type":"page","link":"https:\/\/fusionresorts.com\/quynhon\/vi\/","title":{"rendered":"Maia Quy Nhon &#8211; A Fusion Resort"},"content":{"rendered":"","protected":false},"excerpt":{"rendered":"<p>N\u1eb1m tr\u00ean b\u1edd bi\u1ec3n Nh\u01a1n L\u00fd, Maia Resort Quy Nh\u01a1n n\u00e9p m\u00ecnh gi\u1eefa khu v\u01b0\u1eddn nhi\u1ec7t \u0111\u1edbi v\u00e0 nh\u1eefng b\u00e3i c\u00e1t v\u00e0ng trong n\u1eafng. C\u00f9ng tr\u1ea3i nghi\u1ec7m \u1ea9m th\u1ef1c \u0111\u1ecba ph\u01b0\u01a1ng phong ph\u00fa k\u1ebft h\u1ee3p v\u1edbi phong c\u00e1ch ngh\u1ec9 d\u01b0\u1ee1ng ch\u0103m s\u00f3c s\u1ee9c kh\u1ecfe \u0111\u1eb7c tr\u01b0ng c\u1ee7a Fusion. Du kh\u00e1ch s\u1ebd c\u00f3 d\u1ecbp th\u01b0\u1edfng th\u1ee9c nh\u1eefng m\u00f3n ngon tuy\u1ec7t v\u1eddi \u0111\u01b0\u1ee3c ch\u1ecdn l\u1ecdc t\u1eeb tinh hoa v\u0103n h\u00f3a \u1ea9m th\u1ef1c \u0111\u1ed9c \u0111\u00e1o c\u1ee7a th\u00e0nh ph\u1ed1 bi\u1ec3n Quy Nh\u01a1n. B\u00ean c\u1ea1nh nh\u1eefng l\u1ef1a ch\u1ecdn \u1ea9m th\u1ef1c tinh t\u1ebf, du kh\u00e1ch s\u1ebd \u0111\u01b0\u1ee3c ngh\u1ec9 d\u01b0\u1ee1ng v\u00e0 th\u01b0 gi\u00e3n tuy\u1ec7t \u0111\u1ed1i t\u1ea1i c\u00e1c bi\u1ec7t th\u1ef1 h\u1ed3 b\u01a1i ri\u00eang \u0111\u01b0\u1ee3c thi\u1ebft k\u1ebf \u0111\u1ea7y phong c\u00e1ch v\u1edbi kh\u00f4ng gian tho\u00e1ng \u0111\u00e3ng v\u00e0 \u0111\u1ea7y \u0111\u1ee7 ti\u1ec7n nghi.<\/p>\n","protected":false},"author":1,"featured_media":1545,"parent":0,"menu_order":0,"comment_status":"closed","ping_status":"closed","template":"templates\/page-home.php","meta":{"_acf_changed":false,"footnotes":""},"class_list":["post-525","page","type-page","status-publish","has-post-thumbnail","hentry"],"acf":[],"lang":"vi","translations":{"vi":525,"en":9},"pll_sync_post":[],"_links":{"self":[{"href":"https:\/\/fusionresorts.com\/quynhon\/wp-json\/wp\/v2\/pages\/525","targetHints":{"allow":["GET"]}}],"collection":[{"href":"https:\/\/fusionresorts.com\/quynhon\/wp-json\/wp\/v2\/pages"}],"about":[{"href":"https:\/\/fusionresorts.com\/quynhon\/wp-json\/wp\/v2\/types\/page"}],"author":[{"embeddable":true,"href":"https:\/\/fusionresorts.com\/quynhon\/wp-json\/wp\/v2\/users\/1"}],"replies":[{"embeddable":true,"href":"https:\/\/fusionresorts.com\/quynhon\/wp-json\/wp\/v2\/comments?post=525"}],"version-history":[{"count":21,"href":"https:\/\/fusionresorts.com\/quynhon\/wp-json\/wp\/v2\/pages\/525\/revisions"}],"predecessor-version":[{"id":2049,"href":"https:\/\/fusionresorts.com\/quynhon\/wp-json\/wp\/v2\/pages\/525\/revisions\/2049"}],"wp:featuredmedia":[{"embeddable":true,"href":"https:\/\/fusionresorts.com\/quynhon\/wp-json\/wp\/v2\/media\/1545"}],"wp:attachment":[{"href":"https:\/\/fusionresorts.com\/quynhon\/wp-json\/wp\/v2\/media?parent=525"}],"curies":[{"name":"wp","href":"https:\/\/api.w.org\/{rel}","templated":true}]}}