{"id":529,"date":"2024-07-04T16:18:25","date_gmt":"2024-07-04T09:18:25","guid":{"rendered":"https:\/\/demo.timevn.com\/fusion_dn\/?page_id=529"},"modified":"2025-09-24T11:14:41","modified_gmt":"2025-09-24T04:14:41","slug":"am-thuc","status":"publish","type":"page","link":"https:\/\/fusionresorts.com\/danang\/vi\/am-thuc\/","title":{"rendered":"\u1ea8m th\u1ef1c"},"content":{"rendered":"","protected":false},"excerpt":{"rendered":"<p>T\u1eeb nh\u00e0 h\u00e0ng n\u01b0\u1edbng sang tr\u1ecdng, \u0111\u1ebfn qu\u1ea7y bar b\u00ean b\u00e3i bi\u1ec3n, m\u1ed7i nh\u00e0 h\u00e0ng \u0111\u1ec1u h\u1ee9a h\u1eb9n \u0111\u01b0a th\u1ef1c kh\u00e1ch v\u00e0o m\u1ed9t h\u00e0nh tr\u00ecnh \u1ea9m th\u1ef1c ri\u00eang bi\u1ec7t v\u00e0 th\u0103ng hoa.<\/p>\n","protected":false},"author":1,"featured_media":1348,"parent":0,"menu_order":0,"comment_status":"closed","ping_status":"closed","template":"templates\/page-culinary.php","meta":{"_acf_changed":false,"footnotes":""},"class_list":["post-529","page","type-page","status-publish","has-post-thumbnail","hentry"],"acf":[],"lang":"vi","translations":{"vi":529,"en":294,"ko":2030,"ja":2102,"zh":2174},"pll_sync_post":[],"_links":{"self":[{"href":"https:\/\/fusionresorts.com\/danang\/wp-json\/wp\/v2\/pages\/529","targetHints":{"allow":["GET"]}}],"collection":[{"href":"https:\/\/fusionresorts.com\/danang\/wp-json\/wp\/v2\/pages"}],"about":[{"href":"https:\/\/fusionresorts.com\/danang\/wp-json\/wp\/v2\/types\/page"}],"author":[{"embeddable":true,"href":"https:\/\/fusionresorts.com\/danang\/wp-json\/wp\/v2\/users\/1"}],"replies":[{"embeddable":true,"href":"https:\/\/fusionresorts.com\/danang\/wp-json\/wp\/v2\/comments?post=529"}],"version-history":[{"count":9,"href":"https:\/\/fusionresorts.com\/danang\/wp-json\/wp\/v2\/pages\/529\/revisions"}],"predecessor-version":[{"id":2449,"href":"https:\/\/fusionresorts.com\/danang\/wp-json\/wp\/v2\/pages\/529\/revisions\/2449"}],"wp:featuredmedia":[{"embeddable":true,"href":"https:\/\/fusionresorts.com\/danang\/wp-json\/wp\/v2\/media\/1348"}],"wp:attachment":[{"href":"https:\/\/fusionresorts.com\/danang\/wp-json\/wp\/v2\/media?parent=529"}],"curies":[{"name":"wp","href":"https:\/\/api.w.org\/{rel}","templated":true}]}}