{"id":3365,"date":"2024-07-03T17:01:28","date_gmt":"2024-07-03T10:01:28","guid":{"rendered":"https:\/\/fusionresorts.com\/danang\/?page_id=3365"},"modified":"2026-01-06T13:58:27","modified_gmt":"2026-01-06T06:58:27","slug":"3365","status":"publish","type":"page","link":"https:\/\/fusionresorts.com\/danang\/vi\/","title":{"rendered":""},"content":{"rendered":"","protected":false},"excerpt":{"rendered":"<p>N\u00e9p m\u00ecnh b\u00ean b\u1edd bi\u1ec3n nguy\u00ean s\u01a1 gi\u1eefa trung t\u00e2m \u0110\u00e0 N\u1eb5ng n\u0103ng \u0111\u1ed9ng v\u00e0 ph\u1ed1 c\u1ed5 H\u1ed9i An \u0111\u01b0\u1ee3c UNESCO c\u00f4ng nh\u1eadn, Fusion Resort &#038; Villas Dan Nang l\u00e0 khu ngh\u1ec9 d\u01b0\u1ee1ng t\u00edch h\u1ee3p ch\u0103m s\u00f3c s\u1ee9c kh\u1ecfe to\u00e0n di\u1ec7n \u0111\u01b0\u1ee3c thi\u1ebft k\u1ebf tinh t\u1ebf d\u00e0nh cho c\u00e1c gia \u0111\u00ecnh t\u00ecm ki\u1ebfm s\u1ef1 th\u01b0 gi\u00e3n v\u00e0 t\u00e1i t\u1ea1o n\u0103ng l\u01b0\u1ee3ng. T\u1ea1i \u0111\u00e2y, tr\u1ea3i nghi\u1ec7m wellness kh\u00f4ng ch\u1ec9 l\u00e0 m\u1ed9t l\u1ef1a ch\u1ecdn, m\u00e0 l\u00e0 m\u1ed9t ph\u1ea7n t\u1ef1 nhi\u00ean c\u1ee7a k\u1ef3 ngh\u1ec9 v\u1edbi c\u00e1c ho\u1ea1t \u0111\u1ed9ng ch\u0103m s\u00f3c s\u1ee9c kh\u1ecfe to\u00e0n di\u1ec7n, nh\u1eefng kho\u1ea3nh kh\u1eafc ch\u00e1nh ni\u1ec7m c\u00f9ng tr\u1ea3i nghi\u1ec7m ch\u0103m s\u00f3c s\u1ee9c kh\u1ecfe m\u1ed9t trong nh\u1eefng khu spa ngh\u1ec9 d\u01b0\u1ee1ng h\u00e0ng \u0111\u1ea7u Vi\u1ec7t Nam. K\u1ef3 ngh\u1ec9 th\u00eam tr\u1ecdn v\u1eb9n v\u1edbi c\u00e1c bi\u1ec7t th\u1ef1 h\u1ed3 b\u01a1i ri\u00eang sang tr\u1ecdng, c\u00e1c ph\u00f2ng ngh\u1ec9 r\u1ed9ng r\u00e3i h\u01b0\u1edbng bi\u1ec3n c\u00f9ng concept bi\u1ec3u t\u01b0\u1ee3ng \u201cresort tr\u00ean nh\u1eefng t\u1ea7ng m\u00e2y,&#8221; k\u1ebft h\u1ee3p tr\u1ea3i nghi\u1ec7m \u1ea9m th\u1ef1c tinh t\u1ebf, t\u1ea1o n\u00ean m\u1ed9t h\u00e0nh tr\u00ecnh ngh\u1ec9 d\u01b0\u1ee1ng gia \u0111\u00ecnh \u0111\u00e1ng nh\u1edb b\u00ean b\u1edd bi\u1ec3n mi\u1ec1n Trung Vi\u1ec7t Nam.<\/p>\n","protected":false},"author":4,"featured_media":3385,"parent":0,"menu_order":0,"comment_status":"closed","ping_status":"closed","template":"templates\/page-home.php","meta":{"_acf_changed":false,"footnotes":""},"class_list":["post-3365","page","type-page","status-publish","has-post-thumbnail","hentry"],"acf":[],"lang":"vi","translations":{"vi":3365,"en":9,"zh":1978,"ja":1991,"ko":2004},"pll_sync_post":[],"_links":{"self":[{"href":"https:\/\/fusionresorts.com\/danang\/wp-json\/wp\/v2\/pages\/3365","targetHints":{"allow":["GET"]}}],"collection":[{"href":"https:\/\/fusionresorts.com\/danang\/wp-json\/wp\/v2\/pages"}],"about":[{"href":"https:\/\/fusionresorts.com\/danang\/wp-json\/wp\/v2\/types\/page"}],"author":[{"embeddable":true,"href":"https:\/\/fusionresorts.com\/danang\/wp-json\/wp\/v2\/users\/4"}],"replies":[{"embeddable":true,"href":"https:\/\/fusionresorts.com\/danang\/wp-json\/wp\/v2\/comments?post=3365"}],"version-history":[{"count":5,"href":"https:\/\/fusionresorts.com\/danang\/wp-json\/wp\/v2\/pages\/3365\/revisions"}],"predecessor-version":[{"id":3396,"href":"https:\/\/fusionresorts.com\/danang\/wp-json\/wp\/v2\/pages\/3365\/revisions\/3396"}],"wp:featuredmedia":[{"embeddable":true,"href":"https:\/\/fusionresorts.com\/danang\/wp-json\/wp\/v2\/media\/3385"}],"wp:attachment":[{"href":"https:\/\/fusionresorts.com\/danang\/wp-json\/wp\/v2\/media?parent=3365"}],"curies":[{"name":"wp","href":"https:\/\/api.w.org\/{rel}","templated":true}]}}