{"id":531,"date":"2024-07-04T16:12:23","date_gmt":"2024-07-04T09:12:23","guid":{"rendered":"https:\/\/demo.timevn.com\/fusion_dn\/?page_id=531"},"modified":"2025-06-24T12:01:00","modified_gmt":"2025-06-24T05:01:00","slug":"thu-gian","status":"publish","type":"page","link":"https:\/\/fusionresorts.com\/camranh\/vi\/thu-gian\/","title":{"rendered":"SPA &amp; CH\u0102M S\u00d3C S\u1ee8C KH\u1eceE"},"content":{"rendered":"","protected":false},"excerpt":{"rendered":"<p>T\u00ecm l\u1ea1i s\u1ef1 b\u00ecnh y\u00ean trong t\u00e2m h\u1ed3n t\u1ea1i Fusion Resort Cam Ranh, n\u01a1i m\u1ed7i tr\u1ea3i nghi\u1ec7m \u0111\u1ec1u \u0111\u01b0\u1ee3c t\u1ea1o ra t\u1eeb s\u1ef1 quan t\u00e2m \u0111\u1eb7c bi\u1ec7t \u0111\u1ebfn s\u1ee9c kh\u1ecfe. T\u1eeb ngh\u1ec9 d\u01b0\u1ee1ng k\u1ebft h\u1ee3p spa tr\u1ecdn g\u00f3i \u0111\u1ebfn c\u00e1c ho\u1ea1t \u0111\u1ed9ng th\u1ec3 ch\u1ea5t v\u00e0 tinh th\u1ea7n, khu ngh\u1ec9 d\u01b0\u1ee1ng lu\u00f4n n\u00e2ng niu v\u00e0 tr\u00e2n tr\u1ecdng m\u1ed7i x\u00fac c\u1ea3m c\u1ee7a kh\u00e1ch tr\u1ea3i nghi\u1ec7m, mang \u0111\u1ebfn nh\u1eefng gi\u00e2y ph\u00fat th\u01b0 gi\u00e3n tuy\u1ec7t v\u1eddi v\u00e0 gi\u00fap ph\u1ee5c h\u1ed3i n\u0103ng l\u01b0\u1ee3ng.<\/p>\n","protected":false},"author":6,"featured_media":1568,"parent":0,"menu_order":0,"comment_status":"closed","ping_status":"closed","template":"templates\/page-spa-wellness.php","meta":{"_acf_changed":false,"footnotes":""},"class_list":["post-531","page","type-page","status-publish","has-post-thumbnail","hentry"],"acf":[],"yoast_head":"<!-- This site is optimized with the Yoast SEO Premium plugin v23.2 (Yoast SEO v23.2) - https:\/\/yoast.com\/wordpress\/plugins\/seo\/ -->\n<title>SPA &amp; CH\u0102M S\u00d3C S\u1ee8C KH\u1eceE - Fusion Resort Cam Ranh<\/title>\n<meta name=\"robots\" content=\"index, follow, max-snippet:-1, max-image-preview:large, max-video-preview:-1\" \/>\n<link rel=\"canonical\" href=\"https:\/\/fusionresorts.com\/camranh\/vi\/thu-gian\/\" \/>\n<meta property=\"og:locale\" content=\"en_US\" \/>\n<meta property=\"og:type\" content=\"article\" \/>\n<meta property=\"og:title\" content=\"SPA &amp; CH\u0102M S\u00d3C S\u1ee8C KH\u1eceE\" \/>\n<meta property=\"og:description\" content=\"T\u00ecm l\u1ea1i s\u1ef1 b\u00ecnh y\u00ean trong t\u00e2m h\u1ed3n t\u1ea1i Fusion Resort Cam Ranh, n\u01a1i m\u1ed7i tr\u1ea3i nghi\u1ec7m \u0111\u1ec1u \u0111\u01b0\u1ee3c t\u1ea1o ra t\u1eeb s\u1ef1 quan t\u00e2m \u0111\u1eb7c bi\u1ec7t \u0111\u1ebfn s\u1ee9c kh\u1ecfe. T\u1eeb ngh\u1ec9 d\u01b0\u1ee1ng k\u1ebft h\u1ee3p spa tr\u1ecdn g\u00f3i \u0111\u1ebfn c\u00e1c ho\u1ea1t \u0111\u1ed9ng th\u1ec3 ch\u1ea5t v\u00e0 tinh th\u1ea7n, khu ngh\u1ec9 d\u01b0\u1ee1ng lu\u00f4n n\u00e2ng niu v\u00e0 tr\u00e2n tr\u1ecdng m\u1ed7i x\u00fac c\u1ea3m c\u1ee7a kh\u00e1ch tr\u1ea3i nghi\u1ec7m, mang \u0111\u1ebfn nh\u1eefng gi\u00e2y ph\u00fat th\u01b0 gi\u00e3n tuy\u1ec7t v\u1eddi v\u00e0 gi\u00fap ph\u1ee5c h\u1ed3i n\u0103ng l\u01b0\u1ee3ng.\" \/>\n<meta property=\"og:url\" content=\"https:\/\/fusionresorts.com\/camranh\/vi\/thu-gian\/\" \/>\n<meta property=\"og:site_name\" content=\"Fusion Resort Cam Ranh\" \/>\n<meta property=\"article:modified_time\" content=\"2025-06-24T05:01:00+00:00\" \/>\n<meta property=\"og:image\" content=\"https:\/\/fusionresorts.com\/camranh\/wp-content\/uploads\/2024\/11\/THL04193.webp\" \/>\n\t<meta property=\"og:image:width\" content=\"1960\" \/>\n\t<meta property=\"og:image:height\" content=\"1307\" \/>\n\t<meta property=\"og:image:type\" content=\"image\/webp\" \/>\n<meta name=\"twitter:card\" content=\"summary_large_image\" \/>\n<meta name=\"twitter:label1\" content=\"Est. reading time\" \/>\n\t<meta name=\"twitter:data1\" content=\"1 minute\" \/>\n<script type=\"application\/ld+json\" class=\"yoast-schema-graph\">{\"@context\":\"https:\/\/schema.org\",\"@graph\":[{\"@type\":\"WebPage\",\"@id\":\"https:\/\/fusionresorts.com\/camranh\/vi\/thu-gian\/\",\"url\":\"https:\/\/fusionresorts.com\/camranh\/vi\/thu-gian\/\",\"name\":\"SPA &amp; CH\u0102M S\u00d3C S\u1ee8C KH\u1eceE - Fusion Resort Cam Ranh\",\"isPartOf\":{\"@id\":\"https:\/\/fusionresorts.com\/camranh\/#website\"},\"primaryImageOfPage\":{\"@id\":\"https:\/\/fusionresorts.com\/camranh\/vi\/thu-gian\/#primaryimage\"},\"image\":{\"@id\":\"https:\/\/fusionresorts.com\/camranh\/vi\/thu-gian\/#primaryimage\"},\"thumbnailUrl\":\"https:\/\/fusionresorts.com\/camranh\/wp-content\/uploads\/2024\/11\/THL04193.webp\",\"datePublished\":\"2024-07-04T09:12:23+00:00\",\"dateModified\":\"2025-06-24T05:01:00+00:00\",\"breadcrumb\":{\"@id\":\"https:\/\/fusionresorts.com\/camranh\/vi\/thu-gian\/#breadcrumb\"},\"inLanguage\":\"en-US\",\"potentialAction\":[{\"@type\":\"ReadAction\",\"target\":[\"https:\/\/fusionresorts.com\/camranh\/vi\/thu-gian\/\"]}]},{\"@type\":\"ImageObject\",\"inLanguage\":\"en-US\",\"@id\":\"https:\/\/fusionresorts.com\/camranh\/vi\/thu-gian\/#primaryimage\",\"url\":\"https:\/\/fusionresorts.com\/camranh\/wp-content\/uploads\/2024\/11\/THL04193.webp\",\"contentUrl\":\"https:\/\/fusionresorts.com\/camranh\/wp-content\/uploads\/2024\/11\/THL04193.webp\",\"width\":1960,\"height\":1307},{\"@type\":\"BreadcrumbList\",\"@id\":\"https:\/\/fusionresorts.com\/camranh\/vi\/thu-gian\/#breadcrumb\",\"itemListElement\":[{\"@type\":\"ListItem\",\"position\":1,\"name\":\"Home\",\"item\":\"https:\/\/fusionresorts.com\/camranh\/\"},{\"@type\":\"ListItem\",\"position\":2,\"name\":\"SPA &amp; CH\u0102M S\u00d3C S\u1ee8C KH\u1eceE\"}]},{\"@type\":\"WebSite\",\"@id\":\"https:\/\/fusionresorts.com\/camranh\/#website\",\"url\":\"https:\/\/fusionresorts.com\/camranh\/\",\"name\":\"Fusion Resort Cam Ranh\",\"description\":\"\",\"potentialAction\":[{\"@type\":\"SearchAction\",\"target\":{\"@type\":\"EntryPoint\",\"urlTemplate\":\"https:\/\/fusionresorts.com\/camranh\/?s={search_term_string}\"},\"query-input\":\"required name=search_term_string\"}],\"inLanguage\":\"en-US\"}]}<\/script>\n<!-- \/ Yoast SEO Premium plugin. -->","yoast_head_json":{"title":"SPA &amp; CH\u0102M S\u00d3C S\u1ee8C KH\u1eceE - Fusion Resort Cam Ranh","robots":{"index":"index","follow":"follow","max-snippet":"max-snippet:-1","max-image-preview":"max-image-preview:large","max-video-preview":"max-video-preview:-1"},"canonical":"https:\/\/fusionresorts.com\/camranh\/vi\/thu-gian\/","og_locale":"en_US","og_type":"article","og_title":"SPA &amp; CH\u0102M S\u00d3C S\u1ee8C KH\u1eceE","og_description":"T\u00ecm l\u1ea1i s\u1ef1 b\u00ecnh y\u00ean trong t\u00e2m h\u1ed3n t\u1ea1i Fusion Resort Cam Ranh, n\u01a1i m\u1ed7i tr\u1ea3i nghi\u1ec7m \u0111\u1ec1u \u0111\u01b0\u1ee3c t\u1ea1o ra t\u1eeb s\u1ef1 quan t\u00e2m \u0111\u1eb7c bi\u1ec7t \u0111\u1ebfn s\u1ee9c kh\u1ecfe. T\u1eeb ngh\u1ec9 d\u01b0\u1ee1ng k\u1ebft h\u1ee3p spa tr\u1ecdn g\u00f3i \u0111\u1ebfn c\u00e1c ho\u1ea1t \u0111\u1ed9ng th\u1ec3 ch\u1ea5t v\u00e0 tinh th\u1ea7n, khu ngh\u1ec9 d\u01b0\u1ee1ng lu\u00f4n n\u00e2ng niu v\u00e0 tr\u00e2n tr\u1ecdng m\u1ed7i x\u00fac c\u1ea3m c\u1ee7a kh\u00e1ch tr\u1ea3i nghi\u1ec7m, mang \u0111\u1ebfn nh\u1eefng gi\u00e2y ph\u00fat th\u01b0 gi\u00e3n tuy\u1ec7t v\u1eddi v\u00e0 gi\u00fap ph\u1ee5c h\u1ed3i n\u0103ng l\u01b0\u1ee3ng.","og_url":"https:\/\/fusionresorts.com\/camranh\/vi\/thu-gian\/","og_site_name":"Fusion Resort Cam Ranh","article_modified_time":"2025-06-24T05:01:00+00:00","og_image":[{"width":1960,"height":1307,"url":"https:\/\/fusionresorts.com\/camranh\/wp-content\/uploads\/2024\/11\/THL04193.webp","type":"image\/webp"}],"twitter_card":"summary_large_image","twitter_misc":{"Est. reading time":"1 minute"},"schema":{"@context":"https:\/\/schema.org","@graph":[{"@type":"WebPage","@id":"https:\/\/fusionresorts.com\/camranh\/vi\/thu-gian\/","url":"https:\/\/fusionresorts.com\/camranh\/vi\/thu-gian\/","name":"SPA &amp; CH\u0102M S\u00d3C S\u1ee8C KH\u1eceE - Fusion Resort Cam Ranh","isPartOf":{"@id":"https:\/\/fusionresorts.com\/camranh\/#website"},"primaryImageOfPage":{"@id":"https:\/\/fusionresorts.com\/camranh\/vi\/thu-gian\/#primaryimage"},"image":{"@id":"https:\/\/fusionresorts.com\/camranh\/vi\/thu-gian\/#primaryimage"},"thumbnailUrl":"https:\/\/fusionresorts.com\/camranh\/wp-content\/uploads\/2024\/11\/THL04193.webp","datePublished":"2024-07-04T09:12:23+00:00","dateModified":"2025-06-24T05:01:00+00:00","breadcrumb":{"@id":"https:\/\/fusionresorts.com\/camranh\/vi\/thu-gian\/#breadcrumb"},"inLanguage":"en-US","potentialAction":[{"@type":"ReadAction","target":["https:\/\/fusionresorts.com\/camranh\/vi\/thu-gian\/"]}]},{"@type":"ImageObject","inLanguage":"en-US","@id":"https:\/\/fusionresorts.com\/camranh\/vi\/thu-gian\/#primaryimage","url":"https:\/\/fusionresorts.com\/camranh\/wp-content\/uploads\/2024\/11\/THL04193.webp","contentUrl":"https:\/\/fusionresorts.com\/camranh\/wp-content\/uploads\/2024\/11\/THL04193.webp","width":1960,"height":1307},{"@type":"BreadcrumbList","@id":"https:\/\/fusionresorts.com\/camranh\/vi\/thu-gian\/#breadcrumb","itemListElement":[{"@type":"ListItem","position":1,"name":"Home","item":"https:\/\/fusionresorts.com\/camranh\/"},{"@type":"ListItem","position":2,"name":"SPA &amp; CH\u0102M S\u00d3C S\u1ee8C KH\u1eceE"}]},{"@type":"WebSite","@id":"https:\/\/fusionresorts.com\/camranh\/#website","url":"https:\/\/fusionresorts.com\/camranh\/","name":"Fusion Resort Cam Ranh","description":"","potentialAction":[{"@type":"SearchAction","target":{"@type":"EntryPoint","urlTemplate":"https:\/\/fusionresorts.com\/camranh\/?s={search_term_string}"},"query-input":"required name=search_term_string"}],"inLanguage":"en-US"}]}},"lang":"vi","translations":{"vi":531,"en":286,"ko":1595},"pll_sync_post":[],"_links":{"self":[{"href":"https:\/\/fusionresorts.com\/camranh\/wp-json\/wp\/v2\/pages\/531","targetHints":{"allow":["GET"]}}],"collection":[{"href":"https:\/\/fusionresorts.com\/camranh\/wp-json\/wp\/v2\/pages"}],"about":[{"href":"https:\/\/fusionresorts.com\/camranh\/wp-json\/wp\/v2\/types\/page"}],"author":[{"embeddable":true,"href":"https:\/\/fusionresorts.com\/camranh\/wp-json\/wp\/v2\/users\/6"}],"replies":[{"embeddable":true,"href":"https:\/\/fusionresorts.com\/camranh\/wp-json\/wp\/v2\/comments?post=531"}],"version-history":[{"count":10,"href":"https:\/\/fusionresorts.com\/camranh\/wp-json\/wp\/v2\/pages\/531\/revisions"}],"predecessor-version":[{"id":2074,"href":"https:\/\/fusionresorts.com\/camranh\/wp-json\/wp\/v2\/pages\/531\/revisions\/2074"}],"wp:featuredmedia":[{"embeddable":true,"href":"https:\/\/fusionresorts.com\/camranh\/wp-json\/wp\/v2\/media\/1568"}],"wp:attachment":[{"href":"https:\/\/fusionresorts.com\/camranh\/wp-json\/wp\/v2\/media?parent=531"}],"curies":[{"name":"wp","href":"https:\/\/api.w.org\/{rel}","templated":true}]}}