{"id":525,"date":"2024-07-03T17:01:28","date_gmt":"2024-07-03T10:01:28","guid":{"rendered":"https:\/\/demo.timevn.com\/fusion_dn\/?page_id=525"},"modified":"2024-12-23T10:59:51","modified_gmt":"2024-12-23T03:59:51","slug":"trang-chu","status":"publish","type":"page","link":"https:\/\/fusionresorts.com\/camranh\/vi\/","title":{"rendered":"Trang ch\u1ee7"},"content":{"rendered":"","protected":false},"excerpt":{"rendered":"<p>N\u1eb1m tr\u00ean \u0111\u1ec9nh c\u1ed3n c\u00e1t cao 28 m\u00e9t h\u01b0\u1edbng ra V\u1ecbnh Cam Ranh, Fusion Resort Cam Ranh mang \u0111\u1ebfn tr\u1ea3i nghi\u1ec7m \u0111\u1ed9c \u0111\u00e1o v\u1edbi d\u1ecbch v\u1ee5 spa tr\u1ecdn g\u00f3i v\u00e0 b\u1eefa s\u00e1ng r\u01b0\u1ee3u vang s\u1ee7i t\u0103m ph\u1ee5c v\u1ee5 m\u1ecdi n\u01a1i, m\u1ecdi l\u00fac. Khu ngh\u1ec9 d\u01b0\u1ee1ng s\u1edf h\u1eefu qu\u1ea7y bar cocktail s\u00e1t bi\u1ec3n, d\u1ecbch v\u1ee5 ch\u0103m s\u00f3c kh\u00e1ch h\u00e0ng t\u1eadn t\u00ecnh, c\u00e1c ho\u1ea1t \u0111\u1ed9ng gi\u00e1o d\u1ee5c th\u00fa v\u1ecb cho tr\u1ebb em, n\u00f4ng tr\u1ea1i ri\u00eang cung c\u1ea5p tr\u1ee9ng v\u00e0 rau s\u1ea1ch, 2 nh\u00e0 h\u00e0ng hi\u1ec7n \u0111\u1ea1i, c\u00f9ng nh\u1eefng b\u1eefa t\u1ed1i l\u00e3ng m\u1ea1n d\u01b0\u1edbi \u00e1nh n\u1ebfn tr\u00ean b\u00e3i bi\u1ec3n ho\u1eb7c trong kh\u00f4ng gian ri\u00eang t\u01b0 c\u1ee7a villa.<\/p>\n","protected":false},"author":6,"featured_media":1360,"parent":0,"menu_order":0,"comment_status":"closed","ping_status":"closed","template":"templates\/page-home.php","meta":{"_acf_changed":false,"footnotes":""},"class_list":["post-525","page","type-page","status-publish","has-post-thumbnail","hentry"],"acf":[],"yoast_head":"<!-- This site is optimized with the Yoast SEO Premium plugin v23.2 (Yoast SEO v23.2) - https:\/\/yoast.com\/wordpress\/plugins\/seo\/ -->\n<title>Trang ch\u1ee7 - Fusion Resort Cam Ranh<\/title>\n<meta name=\"robots\" content=\"index, follow, max-snippet:-1, max-image-preview:large, max-video-preview:-1\" \/>\n<link rel=\"canonical\" href=\"https:\/\/fusionresorts.com\/camranh\/vi\/\" \/>\n<meta property=\"og:locale\" content=\"en_US\" \/>\n<meta property=\"og:type\" content=\"article\" \/>\n<meta property=\"og:title\" content=\"Trang ch\u1ee7\" \/>\n<meta property=\"og:description\" content=\"N\u1eb1m tr\u00ean \u0111\u1ec9nh c\u1ed3n c\u00e1t cao 28 m\u00e9t h\u01b0\u1edbng ra V\u1ecbnh Cam Ranh, Fusion Resort Cam Ranh mang \u0111\u1ebfn tr\u1ea3i nghi\u1ec7m \u0111\u1ed9c \u0111\u00e1o v\u1edbi d\u1ecbch v\u1ee5 spa tr\u1ecdn g\u00f3i v\u00e0 b\u1eefa s\u00e1ng r\u01b0\u1ee3u vang s\u1ee7i t\u0103m ph\u1ee5c v\u1ee5 m\u1ecdi n\u01a1i, m\u1ecdi l\u00fac. Khu ngh\u1ec9 d\u01b0\u1ee1ng s\u1edf h\u1eefu qu\u1ea7y bar cocktail s\u00e1t bi\u1ec3n, d\u1ecbch v\u1ee5 ch\u0103m s\u00f3c kh\u00e1ch h\u00e0ng t\u1eadn t\u00ecnh, c\u00e1c ho\u1ea1t \u0111\u1ed9ng gi\u00e1o d\u1ee5c th\u00fa v\u1ecb cho tr\u1ebb em, n\u00f4ng tr\u1ea1i ri\u00eang cung c\u1ea5p tr\u1ee9ng v\u00e0 rau s\u1ea1ch, 2 nh\u00e0 h\u00e0ng hi\u1ec7n \u0111\u1ea1i, c\u00f9ng nh\u1eefng b\u1eefa t\u1ed1i l\u00e3ng m\u1ea1n d\u01b0\u1edbi \u00e1nh n\u1ebfn tr\u00ean b\u00e3i bi\u1ec3n ho\u1eb7c trong kh\u00f4ng gian ri\u00eang t\u01b0 c\u1ee7a villa.\" \/>\n<meta property=\"og:url\" content=\"https:\/\/fusionresorts.com\/camranh\/vi\/\" \/>\n<meta property=\"og:site_name\" content=\"Fusion Resort Cam Ranh\" \/>\n<meta property=\"article:modified_time\" content=\"2024-12-23T03:59:51+00:00\" \/>\n<meta property=\"og:image\" content=\"https:\/\/fusionresorts.com\/camranh\/wp-content\/uploads\/2024\/11\/T3FT3185-Enhanced-NR-rs.jpg\" \/>\n\t<meta property=\"og:image:width\" content=\"1612\" \/>\n\t<meta property=\"og:image:height\" content=\"1075\" \/>\n\t<meta property=\"og:image:type\" content=\"image\/jpeg\" \/>\n<meta name=\"twitter:card\" content=\"summary_large_image\" \/>\n<meta name=\"twitter:label1\" content=\"Est. reading time\" \/>\n\t<meta name=\"twitter:data1\" content=\"1 minute\" \/>\n<script type=\"application\/ld+json\" class=\"yoast-schema-graph\">{\"@context\":\"https:\/\/schema.org\",\"@graph\":[{\"@type\":\"WebPage\",\"@id\":\"https:\/\/fusionresorts.com\/camranh\/vi\/\",\"url\":\"https:\/\/fusionresorts.com\/camranh\/vi\/\",\"name\":\"Trang ch\u1ee7 - Fusion Resort Cam Ranh\",\"isPartOf\":{\"@id\":\"https:\/\/fusionresorts.com\/camranh\/#website\"},\"primaryImageOfPage\":{\"@id\":\"https:\/\/fusionresorts.com\/camranh\/vi\/#primaryimage\"},\"image\":{\"@id\":\"https:\/\/fusionresorts.com\/camranh\/vi\/#primaryimage\"},\"thumbnailUrl\":\"https:\/\/fusionresorts.com\/camranh\/wp-content\/uploads\/2024\/11\/T3FT3185-Enhanced-NR-rs.jpg\",\"datePublished\":\"2024-07-03T10:01:28+00:00\",\"dateModified\":\"2024-12-23T03:59:51+00:00\",\"breadcrumb\":{\"@id\":\"https:\/\/fusionresorts.com\/camranh\/vi\/#breadcrumb\"},\"inLanguage\":\"en-US\",\"potentialAction\":[{\"@type\":\"ReadAction\",\"target\":[\"https:\/\/fusionresorts.com\/camranh\/vi\/\"]}]},{\"@type\":\"ImageObject\",\"inLanguage\":\"en-US\",\"@id\":\"https:\/\/fusionresorts.com\/camranh\/vi\/#primaryimage\",\"url\":\"https:\/\/fusionresorts.com\/camranh\/wp-content\/uploads\/2024\/11\/T3FT3185-Enhanced-NR-rs.jpg\",\"contentUrl\":\"https:\/\/fusionresorts.com\/camranh\/wp-content\/uploads\/2024\/11\/T3FT3185-Enhanced-NR-rs.jpg\",\"width\":1612,\"height\":1075},{\"@type\":\"BreadcrumbList\",\"@id\":\"https:\/\/fusionresorts.com\/camranh\/vi\/#breadcrumb\",\"itemListElement\":[{\"@type\":\"ListItem\",\"position\":1,\"name\":\"Home\",\"item\":\"https:\/\/fusionresorts.com\/camranh\/\"},{\"@type\":\"ListItem\",\"position\":2,\"name\":\"Trang ch\u1ee7\"}]},{\"@type\":\"WebSite\",\"@id\":\"https:\/\/fusionresorts.com\/camranh\/#website\",\"url\":\"https:\/\/fusionresorts.com\/camranh\/\",\"name\":\"Fusion Resort Cam Ranh\",\"description\":\"\",\"potentialAction\":[{\"@type\":\"SearchAction\",\"target\":{\"@type\":\"EntryPoint\",\"urlTemplate\":\"https:\/\/fusionresorts.com\/camranh\/?s={search_term_string}\"},\"query-input\":\"required name=search_term_string\"}],\"inLanguage\":\"en-US\"}]}<\/script>\n<!-- \/ Yoast SEO Premium plugin. -->","yoast_head_json":{"title":"Trang ch\u1ee7 - Fusion Resort Cam Ranh","robots":{"index":"index","follow":"follow","max-snippet":"max-snippet:-1","max-image-preview":"max-image-preview:large","max-video-preview":"max-video-preview:-1"},"canonical":"https:\/\/fusionresorts.com\/camranh\/vi\/","og_locale":"en_US","og_type":"article","og_title":"Trang ch\u1ee7","og_description":"N\u1eb1m tr\u00ean \u0111\u1ec9nh c\u1ed3n c\u00e1t cao 28 m\u00e9t h\u01b0\u1edbng ra V\u1ecbnh Cam Ranh, Fusion Resort Cam Ranh mang \u0111\u1ebfn tr\u1ea3i nghi\u1ec7m \u0111\u1ed9c \u0111\u00e1o v\u1edbi d\u1ecbch v\u1ee5 spa tr\u1ecdn g\u00f3i v\u00e0 b\u1eefa s\u00e1ng r\u01b0\u1ee3u vang s\u1ee7i t\u0103m ph\u1ee5c v\u1ee5 m\u1ecdi n\u01a1i, m\u1ecdi l\u00fac. Khu ngh\u1ec9 d\u01b0\u1ee1ng s\u1edf h\u1eefu qu\u1ea7y bar cocktail s\u00e1t bi\u1ec3n, d\u1ecbch v\u1ee5 ch\u0103m s\u00f3c kh\u00e1ch h\u00e0ng t\u1eadn t\u00ecnh, c\u00e1c ho\u1ea1t \u0111\u1ed9ng gi\u00e1o d\u1ee5c th\u00fa v\u1ecb cho tr\u1ebb em, n\u00f4ng tr\u1ea1i ri\u00eang cung c\u1ea5p tr\u1ee9ng v\u00e0 rau s\u1ea1ch, 2 nh\u00e0 h\u00e0ng hi\u1ec7n \u0111\u1ea1i, c\u00f9ng nh\u1eefng b\u1eefa t\u1ed1i l\u00e3ng m\u1ea1n d\u01b0\u1edbi \u00e1nh n\u1ebfn tr\u00ean b\u00e3i bi\u1ec3n ho\u1eb7c trong kh\u00f4ng gian ri\u00eang t\u01b0 c\u1ee7a villa.","og_url":"https:\/\/fusionresorts.com\/camranh\/vi\/","og_site_name":"Fusion Resort Cam Ranh","article_modified_time":"2024-12-23T03:59:51+00:00","og_image":[{"width":1612,"height":1075,"url":"https:\/\/fusionresorts.com\/camranh\/wp-content\/uploads\/2024\/11\/T3FT3185-Enhanced-NR-rs.jpg","type":"image\/jpeg"}],"twitter_card":"summary_large_image","twitter_misc":{"Est. reading time":"1 minute"},"schema":{"@context":"https:\/\/schema.org","@graph":[{"@type":"WebPage","@id":"https:\/\/fusionresorts.com\/camranh\/vi\/","url":"https:\/\/fusionresorts.com\/camranh\/vi\/","name":"Trang ch\u1ee7 - Fusion Resort Cam Ranh","isPartOf":{"@id":"https:\/\/fusionresorts.com\/camranh\/#website"},"primaryImageOfPage":{"@id":"https:\/\/fusionresorts.com\/camranh\/vi\/#primaryimage"},"image":{"@id":"https:\/\/fusionresorts.com\/camranh\/vi\/#primaryimage"},"thumbnailUrl":"https:\/\/fusionresorts.com\/camranh\/wp-content\/uploads\/2024\/11\/T3FT3185-Enhanced-NR-rs.jpg","datePublished":"2024-07-03T10:01:28+00:00","dateModified":"2024-12-23T03:59:51+00:00","breadcrumb":{"@id":"https:\/\/fusionresorts.com\/camranh\/vi\/#breadcrumb"},"inLanguage":"en-US","potentialAction":[{"@type":"ReadAction","target":["https:\/\/fusionresorts.com\/camranh\/vi\/"]}]},{"@type":"ImageObject","inLanguage":"en-US","@id":"https:\/\/fusionresorts.com\/camranh\/vi\/#primaryimage","url":"https:\/\/fusionresorts.com\/camranh\/wp-content\/uploads\/2024\/11\/T3FT3185-Enhanced-NR-rs.jpg","contentUrl":"https:\/\/fusionresorts.com\/camranh\/wp-content\/uploads\/2024\/11\/T3FT3185-Enhanced-NR-rs.jpg","width":1612,"height":1075},{"@type":"BreadcrumbList","@id":"https:\/\/fusionresorts.com\/camranh\/vi\/#breadcrumb","itemListElement":[{"@type":"ListItem","position":1,"name":"Home","item":"https:\/\/fusionresorts.com\/camranh\/"},{"@type":"ListItem","position":2,"name":"Trang ch\u1ee7"}]},{"@type":"WebSite","@id":"https:\/\/fusionresorts.com\/camranh\/#website","url":"https:\/\/fusionresorts.com\/camranh\/","name":"Fusion Resort Cam Ranh","description":"","potentialAction":[{"@type":"SearchAction","target":{"@type":"EntryPoint","urlTemplate":"https:\/\/fusionresorts.com\/camranh\/?s={search_term_string}"},"query-input":"required name=search_term_string"}],"inLanguage":"en-US"}]}},"lang":"vi","translations":{"vi":525,"en":9,"ko":1376},"pll_sync_post":[],"_links":{"self":[{"href":"https:\/\/fusionresorts.com\/camranh\/wp-json\/wp\/v2\/pages\/525","targetHints":{"allow":["GET"]}}],"collection":[{"href":"https:\/\/fusionresorts.com\/camranh\/wp-json\/wp\/v2\/pages"}],"about":[{"href":"https:\/\/fusionresorts.com\/camranh\/wp-json\/wp\/v2\/types\/page"}],"author":[{"embeddable":true,"href":"https:\/\/fusionresorts.com\/camranh\/wp-json\/wp\/v2\/users\/6"}],"replies":[{"embeddable":true,"href":"https:\/\/fusionresorts.com\/camranh\/wp-json\/wp\/v2\/comments?post=525"}],"version-history":[{"count":10,"href":"https:\/\/fusionresorts.com\/camranh\/wp-json\/wp\/v2\/pages\/525\/revisions"}],"predecessor-version":[{"id":1961,"href":"https:\/\/fusionresorts.com\/camranh\/wp-json\/wp\/v2\/pages\/525\/revisions\/1961"}],"wp:featuredmedia":[{"embeddable":true,"href":"https:\/\/fusionresorts.com\/camranh\/wp-json\/wp\/v2\/media\/1360"}],"wp:attachment":[{"href":"https:\/\/fusionresorts.com\/camranh\/wp-json\/wp\/v2\/media?parent=525"}],"curies":[{"name":"wp","href":"https:\/\/api.w.org\/{rel}","templated":true}]}}